{"id":15,"date":"2024-09-05T08:24:57","date_gmt":"2024-09-05T08:24:57","guid":{"rendered":"https:\/\/quantum.be\/?page_id=15"},"modified":"2025-05-16T11:19:13","modified_gmt":"2025-05-16T11:19:13","slug":"esg","status":"publish","type":"page","link":"https:\/\/quantum.be\/fr\/esg\/","title":{"rendered":"ESG"},"content":{"rendered":"<div data-elementor-type=\"wp-page\" data-elementor-id=\"15\" class=\"elementor elementor-15\" data-elementor-post-type=\"page\">\n\t\t\t\t<div class=\"elementor-element elementor-element-71985c7 e-con-full e-flex e-con e-parent\" data-id=\"71985c7\" data-element_type=\"container\">\n\t\t<div class=\"elementor-element elementor-element-28f2533 e-con-full e-flex e-con e-child\" data-id=\"28f2533\" data-element_type=\"container\" data-settings=\"{&quot;background_background&quot;:&quot;classic&quot;}\">\n\t\t\t\t<\/div>\n\t\t<div class=\"elementor-element elementor-element-7d12c04 e-con-full e-flex e-con e-child\" data-id=\"7d12c04\" data-element_type=\"container\" data-settings=\"{&quot;background_background&quot;:&quot;classic&quot;}\">\n\t\t\t\t<div class=\"elementor-element elementor-element-3ad817d elementor-widget__width-initial elementor-widget elementor-widget-heading\" data-id=\"3ad817d\" data-element_type=\"widget\" data-widget_type=\"heading.default\">\n\t\t\t\t<div class=\"elementor-widget-container\">\n\t\t\t<style>\/*! elementor - v3.23.0 - 05-08-2024 *\/\n.elementor-heading-title{padding:0;margin:0;line-height:1}.elementor-widget-heading .elementor-heading-title[class*=elementor-size-]>a{color:inherit;font-size:inherit;line-height:inherit}.elementor-widget-heading .elementor-heading-title.elementor-size-small{font-size:15px}.elementor-widget-heading .elementor-heading-title.elementor-size-medium{font-size:19px}.elementor-widget-heading .elementor-heading-title.elementor-size-large{font-size:29px}.elementor-widget-heading .elementor-heading-title.elementor-size-xl{font-size:39px}.elementor-widget-heading .elementor-heading-title.elementor-size-xxl{font-size:59px}<\/style><h2 class=\"elementor-heading-title elementor-size-default\">Environnemental - Social - Gouvernance, du point de vue du locataire<\/h2>\t\t<\/div>\n\t\t\t\t<\/div>\n\t\t\t\t<div class=\"elementor-element elementor-element-f4e64cc elementor-widget__width-initial elementor-widget elementor-widget-text-editor\" data-id=\"f4e64cc\" data-element_type=\"widget\" data-widget_type=\"text-editor.default\">\n\t\t\t\t<div class=\"elementor-widget-container\">\n\t\t\t<style>\/*! elementor - v3.23.0 - 05-08-2024 *\/\n.elementor-widget-text-editor.elementor-drop-cap-view-stacked .elementor-drop-cap{background-color:#69727d;color:#fff}.elementor-widget-text-editor.elementor-drop-cap-view-framed .elementor-drop-cap{color:#69727d;border:3px solid;background-color:transparent}.elementor-widget-text-editor:not(.elementor-drop-cap-view-default) .elementor-drop-cap{margin-top:8px}.elementor-widget-text-editor:not(.elementor-drop-cap-view-default) .elementor-drop-cap-letter{width:1em;height:1em}.elementor-widget-text-editor .elementor-drop-cap{float:left;text-align:center;line-height:1;font-size:50px}.elementor-widget-text-editor .elementor-drop-cap-letter{display:inline-block}<\/style>\t\t\t\t<ul><li id=\"text_block-48-182\" class=\"ct-text-block\" data-ninja-font=\"prompt_light_normal_uhjvb\">Mon bureau actuel est-il align\u00e9 avec ma politique ESG ?<\/li><li id=\"text_block-120-182\" class=\"ct-text-block\" data-ninja-font=\"prompt_light_normal_uhjvb\">Comment un d\u00e9m\u00e9nagement pourrait-il am\u00e9liorer positivement mon score ESG ?<\/li><li id=\"text_block-121-182\" class=\"ct-text-block\" data-ninja-font=\"prompt_light_normal_uhjvb\">Comment r\u00e9duire mon empreinte immobili\u00e8re ?<\/li><li id=\"text_block-122-182\" class=\"ct-text-block\" data-ninja-font=\"prompt_light_normal_uhjvb\">Que devrais-je changer dans mon immobilier ou lieu de travail pour atteindre mes objectifs ESG ?<\/li><\/ul>\t\t\t\t\t\t<\/div>\n\t\t\t\t<\/div>\n\t\t\t\t<\/div>\n\t\t\t\t<\/div>\n\t\t<div class=\"elementor-element elementor-element-5e09977 e-con-full e-flex e-con e-parent\" data-id=\"5e09977\" data-element_type=\"container\">\n\t\t<div class=\"elementor-element elementor-element-0c4be4a e-con-full e-flex e-con e-child\" data-id=\"0c4be4a\" data-element_type=\"container\">\n\t\t\t\t<div class=\"elementor-element elementor-element-ca1943e elementor-widget__width-initial elementor-widget elementor-widget-heading\" data-id=\"ca1943e\" data-element_type=\"widget\" data-widget_type=\"heading.default\">\n\t\t\t\t<div class=\"elementor-widget-container\">\n\t\t\t<h2 class=\"elementor-heading-title elementor-size-default\">Sujets ESG les plus pertinents<\/h2>\t\t<\/div>\n\t\t\t\t<\/div>\n\t\t\t\t<div class=\"elementor-element elementor-element-3d0ff66 elementor-widget__width-initial elementor-widget elementor-widget-text-editor\" data-id=\"3d0ff66\" data-element_type=\"widget\" data-widget_type=\"text-editor.default\">\n\t\t\t\t<div class=\"elementor-widget-container\">\n\t\t\t\t\t\t\t<ul><li id=\"text_block-99-182\" class=\"ct-text-block\" data-ninja-font=\"prompt_light_normal_uhjvb\">Quartier vivant et dynamique<\/li><li class=\"ct-text-block\" data-ninja-font=\"prompt_light_normal_uhjvb\">Proximit\u00e9 des transports publics et r\u00e9duction des \u00e9missions de CO2<\/li><li class=\"ct-text-block\" data-ninja-font=\"prompt_light_normal_uhjvb\">B\u00e2timent certifi\u00e9, efficacit\u00e9 \u00e9nerg\u00e9tique<\/li><li class=\"ct-text-block\" data-ninja-font=\"prompt_light_normal_uhjvb\">Qualit\u00e9 de l'air int\u00e9rieur et ventilation<\/li><li class=\"ct-text-block\" data-ninja-font=\"prompt_light_normal_uhjvb\">Responsabilit\u00e9 sociale et initiatives locales<\/li><li class=\"ct-text-block\" data-ninja-font=\"prompt_light_normal_uhjvb\">Un espace lou\u00e9 flexible pour r\u00e9pondre \u00e0 l'incertitude<\/li><\/ul>\t\t\t\t\t\t<\/div>\n\t\t\t\t<\/div>\n\t\t\t\t<\/div>\n\t\t<div class=\"elementor-element elementor-element-8fb8f9b e-con-full e-flex e-con e-child\" data-id=\"8fb8f9b\" data-element_type=\"container\" data-settings=\"{&quot;background_background&quot;:&quot;classic&quot;}\">\n\t\t\t\t<\/div>\n\t\t\t\t<\/div>\n\t\t<div class=\"elementor-element elementor-element-05d8702 e-con-full e-flex e-con e-parent\" data-id=\"05d8702\" data-element_type=\"container\">\n\t\t<div class=\"elementor-element elementor-element-a250d19 e-con-full e-flex e-con e-child\" data-id=\"a250d19\" data-element_type=\"container\" data-settings=\"{&quot;background_background&quot;:&quot;classic&quot;}\">\n\t\t\t\t<div class=\"elementor-element elementor-element-4da4ce9 elementor-widget__width-initial elementor-widget elementor-widget-heading\" data-id=\"4da4ce9\" data-element_type=\"widget\" data-widget_type=\"heading.default\">\n\t\t\t\t<div class=\"elementor-widget-container\">\n\t\t\t<h2 class=\"elementor-heading-title elementor-size-default\">CO2 Mobility Audit<\/h2>\t\t<\/div>\n\t\t\t\t<\/div>\n\t\t\t\t<div class=\"elementor-element elementor-element-26fcfae elementor-widget__width-initial elementor-widget elementor-widget-text-editor\" data-id=\"26fcfae\" data-element_type=\"widget\" data-widget_type=\"text-editor.default\">\n\t\t\t\t<div class=\"elementor-widget-container\">\n\t\t\t\t\t\t\t<ol><li class=\"\" data-ninja-font=\"prompt_light_normal_uhjvb\"><em><strong>Assessing<\/strong><\/em><ul><li class=\"\" data-ninja-font=\"prompt_light_normal_uhjvb\">Nouvelle localisation de bureau alternative<\/li><li class=\"\" data-ninja-font=\"prompt_light_normal_uhjvb\">Politique de t\u00e9l\u00e9travail<\/li><li class=\"\" data-ninja-font=\"prompt_light_normal_uhjvb\">Mode de transport<br \/><br \/><\/li><\/ul><\/li><li class=\"\" data-ninja-font=\"prompt_light_normal_uhjvb\"><em><strong>Suivi :<\/strong><\/em><ul><li class=\"\" data-ninja-font=\"prompt_light_normal_uhjvb\">Distance totale parcourue par la flotte<\/li><li class=\"\" data-ninja-font=\"prompt_light_normal_uhjvb\">Temps perdu par le personnel dans les trajets domicile-travail<\/li><li class=\"\" data-ninja-font=\"prompt_light_normal_uhjvb\">\u00c9missions de CO2<\/li><\/ul><\/li><\/ol>\t\t\t\t\t\t<\/div>\n\t\t\t\t<\/div>\n\t\t\t\t<\/div>\n\t\t<div class=\"elementor-element elementor-element-0af1d15 e-con-full e-flex e-con e-child\" data-id=\"0af1d15\" data-element_type=\"container\" data-settings=\"{&quot;background_background&quot;:&quot;classic&quot;}\">\n\t\t\t\t<\/div>\n\t\t\t\t<\/div>\n\t\t<div class=\"elementor-element elementor-element-a60b9d6 e-con-full e-flex e-con e-parent\" data-id=\"a60b9d6\" data-element_type=\"container\">\n\t\t<div class=\"elementor-element elementor-element-3947ad0 e-con-full e-flex e-con e-child\" data-id=\"3947ad0\" data-element_type=\"container\" data-settings=\"{&quot;background_background&quot;:&quot;classic&quot;}\">\n\t\t\t\t<div class=\"elementor-element elementor-element-950c3eb elementor-widget__width-initial elementor-widget elementor-widget-heading\" data-id=\"950c3eb\" data-element_type=\"widget\" data-widget_type=\"heading.default\">\n\t\t\t\t<div class=\"elementor-widget-container\">\n\t\t\t<h2 class=\"elementor-heading-title elementor-size-default\">Score de performance ESG<\/h2>\t\t<\/div>\n\t\t\t\t<\/div>\n\t\t\t\t<div class=\"elementor-element elementor-element-95d28d7 elementor-widget__width-initial elementor-widget elementor-widget-text-editor\" data-id=\"95d28d7\" data-element_type=\"widget\" data-widget_type=\"text-editor.default\">\n\t\t\t\t<div class=\"elementor-widget-container\">\n\t\t\t\t\t\t\t<ul><li class=\"\" data-ninja-font=\"prompt_light_normal_uhjvb\">Quels sont les crit\u00e8res les plus importants \u00e0 consid\u00e9rer pour am\u00e9liorer ma strat\u00e9gie ESG ?<\/li><li class=\"\" data-ninja-font=\"prompt_light_normal_uhjvb\">En tant qu'occupant de bureau, d\u00e9couvrez quel est votre score ESG.<\/li><\/ul>\t\t\t\t\t\t<\/div>\n\t\t\t\t<\/div>\n\t\t\t\t<\/div>\n\t\t<div class=\"elementor-element elementor-element-4b0653a e-con-full e-flex e-con e-child\" data-id=\"4b0653a\" data-element_type=\"container\">\n\t\t\t\t<div class=\"elementor-element elementor-element-ad2689b elementor-widget elementor-widget-image\" data-id=\"ad2689b\" data-element_type=\"widget\" data-widget_type=\"image.default\">\n\t\t\t\t<div class=\"elementor-widget-container\">\n\t\t\t<style>\/*! elementor - v3.23.0 - 05-08-2024 *\/\n.elementor-widget-image{text-align:center}.elementor-widget-image a{display:inline-block}.elementor-widget-image a img[src$=\".svg\"]{width:48px}.elementor-widget-image img{vertical-align:middle;display:inline-block}<\/style>\t\t\t\t\t\t\t\t\t\t<img fetchpriority=\"high\" decoding=\"async\" width=\"1318\" height=\"1318\" src=\"https:\/\/quantum.be\/wp-content\/uploads\/2024\/09\/quantum_10.jpg\" class=\"attachment-full size-full wp-image-84\" alt=\"\" srcset=\"https:\/\/quantum.be\/wp-content\/uploads\/2024\/09\/quantum_10.jpg 1318w, https:\/\/quantum.be\/wp-content\/uploads\/2024\/09\/quantum_10-300x300.jpg 300w, https:\/\/quantum.be\/wp-content\/uploads\/2024\/09\/quantum_10-1024x1024.jpg 1024w, https:\/\/quantum.be\/wp-content\/uploads\/2024\/09\/quantum_10-150x150.jpg 150w, https:\/\/quantum.be\/wp-content\/uploads\/2024\/09\/quantum_10-768x768.jpg 768w\" sizes=\"(max-width: 1318px) 100vw, 1318px\" \/>\t\t\t\t\t\t\t\t\t\t\t\t\t<\/div>\n\t\t\t\t<\/div>\n\t\t\t\t<\/div>\n\t\t\t\t<\/div>\n\t\t\t\t<\/div>","protected":false},"excerpt":{"rendered":"<p>Environmental &#8211; Social &#8211; Governance, from the Tenant point of view Is my current office aligned with my ESG policy ? How a relocation would positively impact my ESG score ? How to downsize my real estate footprint ? What should I change in my real estate \/ workplace to reach my ESG objectives ? [&hellip;]<\/p>","protected":false},"author":1,"featured_media":0,"parent":0,"menu_order":0,"comment_status":"closed","ping_status":"closed","template":"elementor_header_footer","meta":{"rank_math_lock_modified_date":false,"footnotes":""},"class_list":["post-15","page","type-page","status-publish","hentry"],"_links":{"self":[{"href":"https:\/\/quantum.be\/fr\/wp-json\/wp\/v2\/pages\/15","targetHints":{"allow":["GET"]}}],"collection":[{"href":"https:\/\/quantum.be\/fr\/wp-json\/wp\/v2\/pages"}],"about":[{"href":"https:\/\/quantum.be\/fr\/wp-json\/wp\/v2\/types\/page"}],"author":[{"embeddable":true,"href":"https:\/\/quantum.be\/fr\/wp-json\/wp\/v2\/users\/1"}],"replies":[{"embeddable":true,"href":"https:\/\/quantum.be\/fr\/wp-json\/wp\/v2\/comments?post=15"}],"version-history":[{"count":49,"href":"https:\/\/quantum.be\/fr\/wp-json\/wp\/v2\/pages\/15\/revisions"}],"predecessor-version":[{"id":1155,"href":"https:\/\/quantum.be\/fr\/wp-json\/wp\/v2\/pages\/15\/revisions\/1155"}],"wp:attachment":[{"href":"https:\/\/quantum.be\/fr\/wp-json\/wp\/v2\/media?parent=15"}],"curies":[{"name":"wp","href":"https:\/\/api.w.org\/{rel}","templated":true}]}}